{"id":9792,"date":"2025-09-09T12:49:22","date_gmt":"2025-09-09T10:49:22","guid":{"rendered":"https:\/\/jonker-sailplanes.com\/?page_id=9792"},"modified":"2026-01-30T12:12:06","modified_gmt":"2026-01-30T10:12:06","slug":"feedback-and-reporting","status":"publish","type":"page","link":"https:\/\/jonker-sailplanes.com\/de\/feedback-and-reporting\/","title":{"rendered":"Feedback und Reporting"},"content":{"rendered":"<div class=\"wpb-content-wrapper\"><div data-vc-full-width=\"true\" data-vc-full-width-temp=\"true\" data-vc-full-width-init=\"false\" data-vc-stretch-content=\"true\" class=\"vc_row wpb_row vc_row-fluid vc_row-no-padding bg-pos-center-center\"><div class=\"wpb_column vc_column_container vc_col-sm-12 vc_hidden-md vc_hidden-sm\"><div class=\"vc_column-inner\"><div class=\"wpb_wrapper\">\n\t<div  class=\"wpb_single_image wpb_content_element vc_align_left wpb_content_element\">\n\t\t\n\t\t<figure class=\"wpb_wrapper vc_figure\">\n\t\t\t<div class=\"vc_single_image-wrapper   vc_box_border_grey\"><img fetchpriority=\"high\" decoding=\"async\" width=\"1920\" height=\"600\" src=\"https:\/\/jonker-sailplanes.com\/wp-content\/uploads\/2025\/10\/test5.jpg\" class=\"vc_single_image-img attachment-full\" alt=\"\" title=\"test5\" srcset=\"https:\/\/jonker-sailplanes.com\/wp-content\/uploads\/2025\/10\/test5.jpg 1920w, https:\/\/jonker-sailplanes.com\/wp-content\/uploads\/2025\/10\/test5-300x94.jpg 300w, https:\/\/jonker-sailplanes.com\/wp-content\/uploads\/2025\/10\/test5-1024x320.jpg 1024w, https:\/\/jonker-sailplanes.com\/wp-content\/uploads\/2025\/10\/test5-768x240.jpg 768w, https:\/\/jonker-sailplanes.com\/wp-content\/uploads\/2025\/10\/test5-1536x480.jpg 1536w, https:\/\/jonker-sailplanes.com\/wp-content\/uploads\/2025\/10\/test5-18x6.jpg 18w, https:\/\/jonker-sailplanes.com\/wp-content\/uploads\/2025\/10\/test5-600x188.jpg 600w\" sizes=\"(max-width: 1920px) 100vw, 1920px\" \/><\/div>\n\t\t<\/figure>\n\t<\/div>\n<\/div><\/div><\/div><\/div><div class=\"vc_row-full-width vc_clearfix\"><\/div><section data-vc-full-width=\"true\" data-vc-full-width-temp=\"true\" data-vc-full-width-init=\"false\" class=\"vc_section vc_custom_1757339134573\"><div class=\"vc_row wpb_row vc_row-fluid\"><div class=\"wpb_column vc_column_container vc_col-sm-12\"><div class=\"vc_column-inner\"><div class=\"wpb_wrapper\"><div class=\"heading  header-subheader align-left color-black transform-default theme-icon-second icon-type-hidden   vc_custom_1757415438056 heading-tag-h5\" id=\"like_sc_header_1094842117\"><h5 class=\"header ltx-sr-id-like_sc_header_1094842117544589638 ltx-sr ltx-sr-effect-fade_in ltx-sr-el-block ltx-sr-delay-0 ltx-sr-duration-1000 ltx-sr-sequences-0\">Wenn Sie ein Problem oder eine Anmerkung melden oder uns Ihr Feedback mitteilen m\u00f6chten, f\u00fcllen Sie bitte das untenstehende Formular aus. Ein Mitglied unseres Support-Teams wird sich so schnell wie m\u00f6glich mit Ihnen in Verbindung setzen.<\/h5><\/div><\/div><\/div><\/div><\/div><div class=\"vc_row wpb_row vc_row-fluid\"><div class=\"wpb_column vc_column_container vc_col-sm-12\"><div class=\"vc_column-inner\"><div class=\"wpb_wrapper\"><div class=\"es-resp\">\t<div class=\"visible-xl\" style=\"height: 80px;\"><\/div>\t<div class=\"hidden-xl hidden-md hidden-sm hidden-ms hidden-xs\" style=\"height: 80px;\"><\/div>\t<div class=\"visible-md\" style=\"height: 80px;\"><\/div>\t<div class=\"visible-sm\" style=\"height: 80px;\"><\/div>\t<div class=\"visible-ms\" style=\"height: 80px;\"><\/div>\t<div class=\"visible-xs\" style=\"height: 80px;\"><\/div><\/div><\/div><\/div><\/div><\/div><div data-vc-full-width=\"true\" data-vc-full-width-temp=\"true\" data-vc-full-width-init=\"false\" class=\"vc_row wpb_row vc_row-fluid bg-color-gray\"><div class=\"wpb_column vc_column_container vc_col-sm-12\"><div class=\"vc_column-inner\"><div class=\"wpb_wrapper\"><div class=\"ltx-content-width col-align-center\" id=\"like_sc_content_width_1150846205\" style=\"max-width: 1050px\"><div class=\"ltx-wrapper\"><div class=\"es-resp\">\t<div class=\"visible-xl\" style=\"height: 48px;\"><\/div>\t<div class=\"hidden-xl hidden-md hidden-sm hidden-ms hidden-xs\" style=\"height: 48px;\"><\/div>\t<div class=\"visible-md\" style=\"height: 48px;\"><\/div>\t<div class=\"visible-sm\" style=\"height: 48px;\"><\/div>\t<div class=\"visible-ms\" style=\"height: 48px;\"><\/div>\t<div class=\"visible-xs\" style=\"height: 48px;\"><\/div><\/div><div class=\"heading  header-subheader align-center color-black subcolor-main transform-default theme-icon-second icon-type-default   vc_custom_1549397383733 heading-tag-h3\" id=\"like_sc_header_565376569\"><h3 class=\"header ltx-sr-id-like_sc_header_5653765691882673983 ltx-sr ltx-sr-effect-fade_in ltx-sr-el-block ltx-sr-delay-0 ltx-sr-duration-1000 ltx-sr-sequences-0\">Nachricht senden<\/h3><\/div><div class=\"ltx-contact-form-7 transform-default form-center form-gray form-bg-gray form-style-default form-btn-default form-btn-default form-padding-none    vc_custom_1549397374732\" id=\"like_sc_contact_form_7_1194292038\">\n<div class=\"wpcf7 no-js\" id=\"wpcf7-f1555-o2\" lang=\"en-US\" dir=\"ltr\" data-wpcf7-id=\"1555\">\n<div class=\"screen-reader-response\"><p role=\"status\" aria-live=\"polite\" aria-atomic=\"true\"><\/p> <ul><\/ul><\/div>\n<form action=\"\/de\/wp-json\/wp\/v2\/pages\/9792#wpcf7-f1555-o2\" method=\"post\" class=\"wpcf7-form init cf7mls-no-scroll cf7mls-auto-return-first-step cf7mls-no-moving-animation\" aria-label=\"Contact form\" novalidate=\"novalidate\" data-status=\"init\" data-trp-original-action=\"\/de\/wp-json\/wp\/v2\/pages\/9792#wpcf7-f1555-o2\">\n<fieldset class=\"hidden-fields-container\"><input type=\"hidden\" name=\"_wpcf7\" value=\"1555\" \/><input type=\"hidden\" name=\"_wpcf7_version\" value=\"6.1.5\" \/><input type=\"hidden\" name=\"_wpcf7_locale\" value=\"en_US\" \/><input type=\"hidden\" name=\"_wpcf7_unit_tag\" value=\"wpcf7-f1555-o2\" \/><input type=\"hidden\" name=\"_wpcf7_container_post\" value=\"0\" \/><input type=\"hidden\" name=\"_wpcf7_posted_data_hash\" value=\"\" \/><input type=\"hidden\" name=\"_wpcf7_recaptcha_response\" value=\"\" \/>\n<\/fieldset>\n<p><span class=\"wpcf7-form-control-wrap\" data-name=\"select-76\"><select class=\"wpcf7-form-control wpcf7-select wpcf7-validates-as-required\" aria-required=\"true\" aria-invalid=\"false\" name=\"select-76\"><option value=\"South Africa\">South Africa<\/option><option value=\"Germany\">Germany<\/option><\/select><\/span>\n<\/p>\n<div class=\"row\">\n\t<div class=\"col-lg-6\">\n\t\t<p><span class=\"wpcf7-form-control-wrap\" data-name=\"field-header\"><input size=\"40\" maxlength=\"400\" class=\"wpcf7-form-control wpcf7-text wpcf7-validates-as-required\" aria-required=\"true\" aria-invalid=\"false\" placeholder=\"Ihr Name\" value=\"\" type=\"text\" name=\"field-header\" \/><\/span>\n\t\t<\/p>\n\t<\/div>\n\t<div class=\"col-lg-6\">\n\t\t<p><span class=\"wpcf7-form-control-wrap\" data-name=\"field-header2\"><input size=\"40\" maxlength=\"400\" class=\"wpcf7-form-control wpcf7-text wpcf7-validates-as-required\" aria-required=\"true\" aria-invalid=\"false\" placeholder=\"Ihre E-Mail-Adresse\" value=\"\" type=\"text\" name=\"field-header2\" \/><\/span>\n\t\t<\/p>\n\t<\/div>\n<\/div>\n<p><span class=\"wpcf7-form-control-wrap\" data-name=\"field-header-3\"><textarea cols=\"40\" rows=\"10\" maxlength=\"2000\" class=\"wpcf7-form-control wpcf7-textarea\" aria-invalid=\"false\" placeholder=\"Nachricht\" name=\"field-header-3\"><\/textarea><\/span>\n<\/p>\n<p><input class=\"wpcf7-form-control wpcf7-submit has-spinner\" type=\"submit\" value=\"Absenden\" \/>\n<\/p><div class=\"wpcf7-response-output\" aria-hidden=\"true\"><\/div>\n<input type=\"hidden\" name=\"trp-form-language\" value=\"de\"\/><\/form>\n<\/div>\n<\/div><div class=\"es-resp\">\t<div class=\"visible-xl\" style=\"height: 64px;\"><\/div>\t<div class=\"hidden-xl hidden-md hidden-sm hidden-ms hidden-xs\" style=\"height: 64px;\"><\/div>\t<div class=\"visible-md\" style=\"height: 64px;\"><\/div>\t<div class=\"visible-sm\" style=\"height: 64px;\"><\/div>\t<div class=\"visible-ms\" style=\"height: 64px;\"><\/div>\t<div class=\"visible-xs\" style=\"height: 64px;\"><\/div><\/div><\/div><\/div><\/div><\/div><\/div><\/div><div class=\"vc_row-full-width vc_clearfix\"><\/div><\/section><div class=\"vc_row-full-width vc_clearfix\"><\/div>\n<\/div>","protected":false},"excerpt":{"rendered":"If you have any issue or observation that you would like to report or provide feedback on, kindly complete the form below and someone from our support team will be in contact with you as soon as possible. Send message South AfricaGermany","protected":false},"author":1,"featured_media":0,"parent":0,"menu_order":0,"comment_status":"closed","ping_status":"closed","template":"page-templates\/full-width.php","meta":{"footnotes":""},"class_list":["post-9792","page","type-page","status-publish","hentry"],"aioseo_notices":[],"_links":{"self":[{"href":"https:\/\/jonker-sailplanes.com\/de\/wp-json\/wp\/v2\/pages\/9792","targetHints":{"allow":["GET"]}}],"collection":[{"href":"https:\/\/jonker-sailplanes.com\/de\/wp-json\/wp\/v2\/pages"}],"about":[{"href":"https:\/\/jonker-sailplanes.com\/de\/wp-json\/wp\/v2\/types\/page"}],"author":[{"embeddable":true,"href":"https:\/\/jonker-sailplanes.com\/de\/wp-json\/wp\/v2\/users\/1"}],"replies":[{"embeddable":true,"href":"https:\/\/jonker-sailplanes.com\/de\/wp-json\/wp\/v2\/comments?post=9792"}],"version-history":[{"count":4,"href":"https:\/\/jonker-sailplanes.com\/de\/wp-json\/wp\/v2\/pages\/9792\/revisions"}],"predecessor-version":[{"id":11637,"href":"https:\/\/jonker-sailplanes.com\/de\/wp-json\/wp\/v2\/pages\/9792\/revisions\/11637"}],"wp:attachment":[{"href":"https:\/\/jonker-sailplanes.com\/de\/wp-json\/wp\/v2\/media?parent=9792"}],"curies":[{"name":"wp","href":"https:\/\/api.w.org\/{rel}","templated":true}]}}