{"id":9763,"date":"2025-09-09T11:20:53","date_gmt":"2025-09-09T09:20:53","guid":{"rendered":"https:\/\/jonker-sailplanes.com\/?page_id=9763"},"modified":"2026-01-30T11:38:41","modified_gmt":"2026-01-30T09:38:41","slug":"manuals","status":"publish","type":"page","link":"https:\/\/jonker-sailplanes.com\/de\/manuals\/","title":{"rendered":"Handb\u00fccher"},"content":{"rendered":"<div class=\"wpb-content-wrapper\"><div data-vc-full-width=\"true\" data-vc-full-width-temp=\"true\" data-vc-full-width-init=\"false\" data-vc-stretch-content=\"true\" class=\"vc_row wpb_row vc_row-fluid vc_row-no-padding bg-pos-center-center\"><div class=\"wpb_column vc_column_container vc_col-sm-12\"><div class=\"vc_column-inner\"><div class=\"wpb_wrapper\">\n\t<div  class=\"wpb_single_image wpb_content_element vc_align_left wpb_content_element\">\n\t\t\n\t\t<figure class=\"wpb_wrapper vc_figure\">\n\t\t\t<div class=\"vc_single_image-wrapper   vc_box_border_grey\"><img fetchpriority=\"high\" decoding=\"async\" width=\"1920\" height=\"1000\" src=\"https:\/\/jonker-sailplanes.com\/wp-content\/uploads\/2026\/01\/manuals-slider.jpg\" class=\"vc_single_image-img attachment-full\" alt=\"\" title=\"manuals slider\" srcset=\"https:\/\/jonker-sailplanes.com\/wp-content\/uploads\/2026\/01\/manuals-slider.jpg 1920w, https:\/\/jonker-sailplanes.com\/wp-content\/uploads\/2026\/01\/manuals-slider-300x156.jpg 300w, https:\/\/jonker-sailplanes.com\/wp-content\/uploads\/2026\/01\/manuals-slider-1024x533.jpg 1024w, https:\/\/jonker-sailplanes.com\/wp-content\/uploads\/2026\/01\/manuals-slider-768x400.jpg 768w, https:\/\/jonker-sailplanes.com\/wp-content\/uploads\/2026\/01\/manuals-slider-1536x800.jpg 1536w, https:\/\/jonker-sailplanes.com\/wp-content\/uploads\/2026\/01\/manuals-slider-18x9.jpg 18w\" sizes=\"(max-width: 1920px) 100vw, 1920px\" \/><\/div>\n\t\t<\/figure>\n\t<\/div>\n<\/div><\/div><\/div><\/div><div class=\"vc_row-full-width vc_clearfix\"><\/div><section data-vc-full-width=\"true\" data-vc-full-width-temp=\"true\" data-vc-full-width-init=\"false\" class=\"vc_section text-align-center-md-sm-ms\"><div id=\"technicalnotes\" data-vc-full-width=\"true\" data-vc-full-width-temp=\"true\" data-vc-full-width-init=\"false\" class=\"vc_row wpb_row vc_row-fluid\"><div class=\"wpb_column vc_column_container vc_col-sm-12\"><div class=\"vc_column-inner\"><div class=\"wpb_wrapper\"><div class=\"es-resp\">\t<div class=\"visible-xl\" style=\"height: 125px;\"><\/div>\t<div class=\"hidden-xl hidden-md hidden-sm hidden-ms hidden-xs\" style=\"height: 125px;\"><\/div>\t<div class=\"visible-md\" style=\"height: 125px;\"><\/div>\t<div class=\"visible-sm\" style=\"height: 125px;\"><\/div>\t<div class=\"visible-ms\" style=\"height: 64px;\"><\/div>\t<div class=\"visible-xs\" style=\"height: 64px;\"><\/div><\/div><\/div><\/div><\/div><\/div><div class=\"vc_row-full-width vc_clearfix\"><\/div><div class=\"vc_row wpb_row vc_row-fluid\"><div class=\"wpb_column vc_column_container vc_col-sm-12 vc_col-lg-6 vc_col-md-12\"><div class=\"vc_column-inner\"><div class=\"wpb_wrapper\"><div class=\"ltx-content-width col-align-left\" id=\"like_sc_content_width_145431009\" style=\"max-width: 480px\"><div class=\"ltx-wrapper\"><div class=\"heading  header-subheader align-left color-black subcolor-main transform-default has-subheader theme-icon-second icon-type-default   vc_custom_1761250974454 heading-tag-h3\" id=\"like_sc_header_1860181419\"><h5 class=\"subheader ltx-sr-id-like_sc_header_18601814191840577764 ltx-sr ltx-sr-effect-fade_in ltx-sr-el-block ltx-sr-delay-100 ltx-sr-duration-300 ltx-sr-sequences-50\">Ihre vollst\u00e4ndige JS Handbuch Bibliothek<\/h5><h3 class=\"header ltx-sr-id-like_sc_header_18601814191693918927 ltx-sr ltx-sr-effect-fade_in ltx-sr-el-block ltx-sr-delay-0 ltx-sr-duration-1000 ltx-sr-sequences-0\">JS Handb\u00fccher<\/h3><\/div><\/div><\/div><div class=\"ltx-content-width col-align-left\" id=\"like_sc_content_width_42913407\" style=\"max-width: 630px\"><div class=\"ltx-wrapper\">\n\t<div class=\"wpb_text_column wpb_content_element\" >\n\t\t<div class=\"wpb_wrapper\">\n\t\t\t<p class=\"p3\">Entdecken Sie eine umfassende Sammlung von Handb\u00fcchern, die Piloten, Eigent\u00fcmern und Technikern in jeder Phase ihrer Fl\u00fcge mit einem JS Segelflugzeug zur Seite stehen. Von Flughandb\u00fccher bis hin zu Wartungshandb\u00fcchern \u2013 jedes Handbuch wurde mit Pr\u00e4zision erstellt, um Klarheit, Sicherheit und Vertrauen zu gew\u00e4hrleisten.<\/p>\n<p class=\"p3\">Unsere Handb\u00fccher bieten klare, schrittweise Anleitungen f\u00fcr jedes JS-Modell \u2013 egal, ob Sie sich auf einen Flug vorbereiten, Routinekontrollen durchf\u00fchren oder detaillierte Wartungsarbeiten vornehmen. Jedes Dokument ist benutzerfreundlich und pr\u00e4zise strukturiert und hilft Ihnen dabei, die optimale Leistung Ihres Segelflugzeugs zu gew\u00e4hrleisten und gleichzeitig h\u00f6chste Standards in Bezug auf Sicherheit und Zuverl\u00e4ssigkeit einzuhalten.<\/p>\n<p class=\"p3\">Alles, was Sie zum Fliegen, Warten und Pflegen Ihres JS ben\u00f6tigen \u2013 alles an einem leicht zug\u00e4nglichen Ort.<\/p>\n\n\t\t<\/div>\n\t<\/div>\n<\/div><\/div><\/div><\/div><\/div><div class=\"wpb_column vc_column_container vc_col-sm-12 vc_col-lg-6 vc_col-md-12\"><div class=\"vc_column-inner\"><div class=\"wpb_wrapper\">\n\t<div  class=\"wpb_single_image wpb_content_element vc_align_center wpb_content_element vc_custom_1769765221195\">\n\t\t\n\t\t<figure class=\"wpb_wrapper vc_figure\">\n\t\t\t<div class=\"vc_single_image-wrapper   vc_box_border_grey\"><img decoding=\"async\" class=\"vc_single_image-img\" src=\"https:\/\/jonker-sailplanes.com\/wp-content\/uploads\/2025\/10\/0J7A5550-755x460.jpg\" width=\"755\" height=\"460\" alt=\"0J7A5550\" title=\"0J7A5550\" \/><\/div>\n\t\t<\/figure>\n\t<\/div>\n<\/div><\/div><\/div><\/div><div data-vc-full-width=\"true\" data-vc-full-width-temp=\"true\" data-vc-full-width-init=\"false\" class=\"vc_row wpb_row vc_row-fluid\"><div class=\"wpb_column vc_column_container vc_col-sm-12\"><div class=\"vc_column-inner\"><div class=\"wpb_wrapper\"><div class=\"es-resp\">\t<div class=\"visible-xl\" style=\"height: 125px;\"><\/div>\t<div class=\"hidden-xl hidden-md hidden-sm hidden-ms hidden-xs\" style=\"height: 125px;\"><\/div>\t<div class=\"visible-md\" style=\"height: 125px;\"><\/div>\t<div class=\"visible-sm\" style=\"height: 125px;\"><\/div>\t<div class=\"visible-ms\" style=\"height: 64px;\"><\/div>\t<div class=\"visible-xs\" style=\"height: 64px;\"><\/div><\/div><\/div><\/div><\/div><\/div><div class=\"vc_row-full-width vc_clearfix\"><\/div><div data-vc-full-width=\"true\" data-vc-full-width-temp=\"true\" data-vc-full-width-init=\"false\" class=\"vc_row wpb_row vc_row-fluid\"><div class=\"wpb_column vc_column_container vc_col-sm-12\"><div class=\"vc_column-inner\"><div class=\"wpb_wrapper\"><div class=\"vc_tta-container\" data-vc-action=\"collapse\"><div class=\"vc_general vc_tta vc_tta-tabs vc_tta-color-grey vc_tta-style-modern vc_tta-shape-rounded vc_tta-spacing-1 vc_tta-tabs-position-top vc_tta-controls-align-left\"><div class=\"vc_tta-tabs-container\"><ul class=\"vc_tta-tabs-list\" role=\"tablist\"><li class=\"vc_tta-tab\" data-vc-tab role=\"presentation\"><a href=\"#1756115053786-f68a0eaa-da73\" data-vc-tabs data-vc-container=\".vc_tta\" role=\"tab\" aria-selected=\"false\" id=\"tab-1756115053786-f68a0eaa-da73\"><span class=\"vc_tta-title-text\">JS1 Revelation<\/span><\/a><\/li><li class=\"vc_tta-tab\" data-vc-tab role=\"presentation\"><a href=\"#1756115053787-c2d9f2a6-c750\" data-vc-tabs data-vc-container=\".vc_tta\" role=\"tab\" aria-selected=\"false\" id=\"tab-1756115053787-c2d9f2a6-c750\"><span class=\"vc_tta-title-text\">JS2 Revenant<\/span><\/a><\/li><li class=\"vc_tta-tab vc_active\" data-vc-tab role=\"presentation\"><a href=\"#1756115199839-69dda5bb-f6ac\" data-vc-tabs data-vc-container=\".vc_tta\" role=\"tab\" aria-selected=\"false\" id=\"tab-1756115199839-69dda5bb-f6ac\"><span class=\"vc_tta-title-text\">JS3 Rapture<\/span><\/a><\/li><li class=\"vc_tta-tab\" data-vc-tab role=\"presentation\"><a href=\"#1756115215759-9e650904-e710\" data-vc-tabs data-vc-container=\".vc_tta\" role=\"tab\" aria-selected=\"false\" id=\"tab-1756115215759-9e650904-e710\"><span class=\"vc_tta-title-text\">JS4 Rengeti<\/span><\/a><\/li><li class=\"vc_tta-tab\" data-vc-tab role=\"presentation\"><a href=\"#1756115229506-998adec4-5b3f\" data-vc-tabs data-vc-container=\".vc_tta\" role=\"tab\" aria-selected=\"false\" id=\"tab-1756115229506-998adec4-5b3f\"><span class=\"vc_tta-title-text\">JS5 Rey<\/span><\/a><\/li><\/ul><\/div><div class=\"vc_tta-panels-container\"><div class=\"vc_tta-panels\"><div class=\"vc_tta-panel\" id=\"1756115053786-f68a0eaa-da73\" data-vc-content=\".vc_tta-panel-body\"><div class=\"vc_tta-panel-heading\"><h4 class=\"vc_tta-panel-title\"><a href=\"#1756115053786-f68a0eaa-da73\" data-vc-accordion data-vc-container=\".vc_tta-container\"><span class=\"vc_tta-title-text\">JS1 Revelation<\/span><\/a><\/h4><\/div><div class=\"vc_tta-panel-body\"><\/div><\/div><div class=\"vc_tta-panel\" id=\"1756115053787-c2d9f2a6-c750\" data-vc-content=\".vc_tta-panel-body\"><div class=\"vc_tta-panel-heading\"><h4 class=\"vc_tta-panel-title\"><a href=\"#1756115053787-c2d9f2a6-c750\" data-vc-accordion data-vc-container=\".vc_tta-container\"><span class=\"vc_tta-title-text\">JS2 Revenant<\/span><\/a><\/h4><\/div><div class=\"vc_tta-panel-body\"><div class=\"heading  header-subheader align-left color-black subcolor-main transform-default theme-icon-second icon-type-default heading-tag-h5\" id=\"like_sc_header_615967259\"><h5 class=\"header ltx-sr-id-like_sc_header_615967259539665843 ltx-sr ltx-sr-effect-fade_in ltx-sr-el-block ltx-sr-delay-0 ltx-sr-duration-1000 ltx-sr-sequences-0\">To be published soon<\/h5><\/div><\/div><\/div><div class=\"vc_tta-panel vc_active\" id=\"1756115199839-69dda5bb-f6ac\" data-vc-content=\".vc_tta-panel-body\"><div class=\"vc_tta-panel-heading\"><h4 class=\"vc_tta-panel-title\"><a href=\"#1756115199839-69dda5bb-f6ac\" data-vc-accordion data-vc-container=\".vc_tta-container\"><span class=\"vc_tta-title-text\">JS3 Rapture<\/span><\/a><\/h4><\/div><div class=\"vc_tta-panel-body\"><div class=\"heading  header-subheader align-left color-black subcolor-main transform-default theme-icon-second icon-type-default heading-tag-h3\" id=\"like_sc_header_2088218973\"><h3 class=\"header ltx-sr-id-like_sc_header_20882189731772008873 ltx-sr ltx-sr-effect-fade_in ltx-sr-el-block ltx-sr-delay-0 ltx-sr-duration-1000 ltx-sr-sequences-0\">JS3 RES Handb\u00fccher<\/h3><\/div>\n\t<div class=\"wpb_text_column wpb_content_element vc_custom_1759917825929\" >\n\t\t<div class=\"wpb_wrapper\">\n\t\t\t<div class=\"wptb-container-legacy\" data-table-id=\"9772\">\n    <table class=\"wptb-preview-table wptb-element-main-table_setting-9772\" style=\"border-spacing: 3px 3px; border-collapse: collapse !important; min-width: 100%; border: 1px solid #000000; \" data-border-spacing-columns=\"3\" data-border-spacing-rows=\"3\" data-reconstraction=\"1\" data-wptb-table-directives=\"eyJpbm5lckJvcmRlcnMiOnsiYWN0aXZlIjoiYWxsIiwiYm9yZGVyV2lkdGgiOjEsImJvcmRlclJhZGl1c2VzIjp7ImFsbCI6MCwicm93IjowLCJjb2x1bW4iOjB9fX0=\" data-wptb-responsive-directives=\"eyJyZXNwb25zaXZlRW5hYmxlZCI6ZmFsc2UsInJlc3BvbnNpdmVNb2RlIjoiYXV0byIsInJlbGF0aXZlV2lkdGgiOiJ3aW5kb3ciLCJwcmVzZXJ2ZVJvd0NvbG9yIjpmYWxzZSwiaGVhZGVyRnVsbHlNZXJnZWQiOmZhbHNlLCJicmVha3BvaW50cyI6eyJkZXNrdG9wIjp7Im5hbWUiOiJkZXNrdG9wIiwid2lkdGgiOjEwMjR9LCJ0YWJsZXQiOnsibmFtZSI6InRhYmxldCIsIndpZHRoIjo3MDB9LCJtb2JpbGUiOnsibmFtZSI6Im1vYmlsZSIsIndpZHRoIjozNzV9fSwibW9kZU9wdGlvbnMiOnsiYXV0byI6eyJkaXNhYmxlZCI6eyJkZXNrdG9wIjpmYWxzZSwidGFibGV0IjpmYWxzZSwibW9iaWxlIjpmYWxzZX0sInRvcFJvd0FzSGVhZGVyIjp7ImRlc2t0b3AiOmZhbHNlLCJ0YWJsZXQiOnRydWUsIm1vYmlsZSI6dHJ1ZX0sInJlcGVhdE1lcmdlZEhlYWRlciI6eyJkZXNrdG9wIjp0cnVlLCJ0YWJsZXQiOnRydWUsIm1vYmlsZSI6dHJ1ZX0sInN0YXRpY1RvcFJvdyI6eyJkZXNrdG9wIjpmYWxzZSwidGFibGV0IjpmYWxzZSwibW9iaWxlIjpmYWxzZX0sImNlbGxTdGFja0RpcmVjdGlvbiI6eyJkZXNrdG9wIjoicm93IiwidGFibGV0Ijoicm93IiwibW9iaWxlIjoicm93In0sImNlbGxzUGVyUm93Ijp7ImRlc2t0b3AiOjEsInRhYmxldCI6MiwibW9iaWxlIjoyfX19fQ==\" data-wptb-cells-width-auto-count=\"1\" data-wptb-horizontal-scroll-status=\"1\" data-wptb-extra-styles=\"\" data-wptb-pro-pagination-top-row-header=\"false\" data-wptb-rows-per-page=\"10\" data-wptb-pro-search-top-row-header=\"false\" data-wptb-searchbar-position=\"left\" role=\"table\" data-table-columns=\"1\" data-wptb-table-alignment=\"center\" data-wptb-td-width-auto=\"120\" data-wptb-table-tds-sum-max-width=\"144\" ><tbody data-global-font-size=\"15\" ><tr  class=\"wptb-row\" style=\"\"><td class=\"wptb-cell\" colspan=\"1\" rowspan=\"1\" style=\"padding: 10px; border-width: 1px; border-color: #000000; border-style: solid; border-radius: 0px; \" data-y-index=\"0\" data-x-index=\"0\" data-wptb-css-td-auto-width=\"true\" data-wptb-css-td-auto-height=\"true\" data-wptb-cell-vertical-alignment=\"center\" ><div class=\"wptb-text-container wptb-ph-element wptb-element-text-597\" style=\"font-size: 15px; \"><div style=\"position: relative;\"><p><a href=\"https:\/\/jonker-sailplanes.com\/wp-content\/uploads\/2025\/09\/MD11-AFM-00-001-I01.30_JS-MD-3-RES-Powered-Aircraft-Flight-Manual_APPROVED_compressed.pdf\" target=\"_blank\">JS-MD 3 Flughandbuch<\/a><\/p><\/div><\/div><\/td><\/tr><tr  class=\"wptb-row\" style=\"\"><td class=\"wptb-cell\" colspan=\"1\" rowspan=\"1\" style=\"padding: 10px; border-width: 1px; border-color: #000000; border-style: solid; border-radius: 0px; \" data-y-index=\"1\" data-x-index=\"0\" data-wptb-css-td-auto-width=\"true\" data-wptb-css-td-auto-height=\"true\" data-wptb-cell-vertical-alignment=\"center\" ><div class=\"wptb-text-container wptb-ph-element wptb-element-text-598\" style=\"font-size: 15px; \"><div style=\"position: relative;\"><p><a href=\"https:\/\/jonker-sailplanes.com\/wp-content\/uploads\/2025\/09\/MD11-AFM-00-002-I02_JS-MD-3-RES-Flight-Manual-Supplement_APPROVED_compressed.pdf\" target=\"_blank\">JS-MD 3 Flughandbuch-Erg\u00e4nzung<\/a><\/p><\/div><\/div><\/td><\/tr><tr  class=\"wptb-row\" style=\"\"><td class=\"wptb-cell\" colspan=\"1\" rowspan=\"1\" style=\"padding: 10px; border-width: 1px; border-color: #000000; border-style: solid; border-radius: 0px; \" data-y-index=\"2\" data-x-index=\"0\" data-wptb-css-td-auto-width=\"true\" data-wptb-css-td-auto-height=\"true\" data-wptb-cell-vertical-alignment=\"center\" ><div class=\"wptb-text-container wptb-ph-element wptb-element-text-599\" style=\"font-size: 15px; \"><div style=\"position: relative;\"><p><a href=\"https:\/\/jonker-sailplanes.com\/wp-content\/uploads\/2025\/09\/MD11-AMM-00-001_I02_-JS-MD-3-RES-AMM_Signed_compressed.pdf\" target=\"_blank\">JS-MD 3 Wartungshandbuch<\/a><\/p><\/div><\/div><\/td><\/tr><tr  class=\"wptb-row\" style=\"\"><td class=\"wptb-cell\" colspan=\"1\" rowspan=\"1\" style=\"padding: 10px; border-width: 1px; border-color: #000000; border-style: solid; border-radius: 0px; \" data-y-index=\"3\" data-x-index=\"0\" data-wptb-css-td-auto-width=\"true\" data-wptb-css-td-auto-height=\"true\" data-wptb-cell-vertical-alignment=\"center\" ><div class=\"wptb-text-container wptb-ph-element wptb-element-text-600\" style=\"font-size: 15px; \"><div style=\"position: relative;\"><p><a href=\"https:\/\/jonker-sailplanes.com\/wp-content\/uploads\/2025\/09\/MD11-AMM-00-002_I00.30_JS-MD-3-RES-AMM-Supplement_sig_compressed.pdf\" target=\"_blank\">JS-MD 3 Wartungshandbuch-Erg\u00e4nzung<\/a><\/p><\/div><\/div><\/td><\/tr><\/tbody><\/table>\n<\/div>\n\n\n\t\t<\/div>\n\t<\/div>\n<div class=\"heading  header-subheader align-left color-black subcolor-main transform-default theme-icon-second icon-type-default heading-tag-h3\" id=\"like_sc_header_100864800\"><h3 class=\"header ltx-sr-id-like_sc_header_100864800544794111 ltx-sr ltx-sr-effect-fade_in ltx-sr-el-block ltx-sr-delay-0 ltx-sr-duration-1000 ltx-sr-sequences-0\">JS3 RES Handb\u00fccher<\/h3><\/div>\n\t<div class=\"wpb_text_column wpb_content_element vc_custom_1760091147672\" >\n\t\t<div class=\"wpb_wrapper\">\n\t\t\t<div class=\"wptb-container-legacy\" data-table-id=\"10654\">\n    <table class=\"wptb-preview-table wptb-element-main-table_setting-10654\" style=\"border-spacing: 3px 3px; border-collapse: collapse !important; min-width: 100%; border: 1px solid #000000; \" data-border-spacing-columns=\"3\" data-border-spacing-rows=\"3\" data-reconstraction=\"1\" data-wptb-table-directives=\"eyJpbm5lckJvcmRlcnMiOnsiYWN0aXZlIjoiYWxsIiwiYm9yZGVyV2lkdGgiOjEsImJvcmRlclJhZGl1c2VzIjp7ImFsbCI6MCwicm93IjowLCJjb2x1bW4iOjB9fX0=\" data-wptb-responsive-directives=\"eyJyZXNwb25zaXZlRW5hYmxlZCI6ZmFsc2UsInJlc3BvbnNpdmVNb2RlIjoiYXV0byIsInJlbGF0aXZlV2lkdGgiOiJ3aW5kb3ciLCJwcmVzZXJ2ZVJvd0NvbG9yIjpmYWxzZSwiaGVhZGVyRnVsbHlNZXJnZWQiOmZhbHNlLCJicmVha3BvaW50cyI6eyJkZXNrdG9wIjp7Im5hbWUiOiJkZXNrdG9wIiwid2lkdGgiOjEwMjR9LCJ0YWJsZXQiOnsibmFtZSI6InRhYmxldCIsIndpZHRoIjo3MDB9LCJtb2JpbGUiOnsibmFtZSI6Im1vYmlsZSIsIndpZHRoIjozNzV9fSwibW9kZU9wdGlvbnMiOnsiYXV0byI6eyJkaXNhYmxlZCI6eyJkZXNrdG9wIjpmYWxzZSwidGFibGV0IjpmYWxzZSwibW9iaWxlIjpmYWxzZX0sInRvcFJvd0FzSGVhZGVyIjp7ImRlc2t0b3AiOmZhbHNlLCJ0YWJsZXQiOnRydWUsIm1vYmlsZSI6dHJ1ZX0sInJlcGVhdE1lcmdlZEhlYWRlciI6eyJkZXNrdG9wIjp0cnVlLCJ0YWJsZXQiOnRydWUsIm1vYmlsZSI6dHJ1ZX0sInN0YXRpY1RvcFJvdyI6eyJkZXNrdG9wIjpmYWxzZSwidGFibGV0IjpmYWxzZSwibW9iaWxlIjpmYWxzZX0sImNlbGxTdGFja0RpcmVjdGlvbiI6eyJkZXNrdG9wIjoicm93IiwidGFibGV0Ijoicm93IiwibW9iaWxlIjoicm93In0sImNlbGxzUGVyUm93Ijp7ImRlc2t0b3AiOjEsInRhYmxldCI6MiwibW9iaWxlIjoyfX19fQ==\" data-wptb-cells-width-auto-count=\"1\" data-wptb-horizontal-scroll-status=\"1\" data-wptb-extra-styles=\"\" data-wptb-pro-pagination-top-row-header=\"false\" data-wptb-rows-per-page=\"10\" data-wptb-pro-search-top-row-header=\"false\" data-wptb-searchbar-position=\"left\" role=\"table\" data-table-columns=\"1\" data-wptb-table-alignment=\"center\" data-wptb-td-width-auto=\"120\" data-wptb-table-tds-sum-max-width=\"144\" ><tbody data-global-font-size=\"15\" ><tr  class=\"wptb-row\" style=\"\"><td class=\"wptb-cell\" colspan=\"1\" rowspan=\"1\" style=\"padding: 10px; border-width: 1px; border-color: #000000; border-style: solid; border-radius: 0px; \" data-y-index=\"0\" data-x-index=\"0\" data-wptb-css-td-auto-width=\"true\" data-wptb-css-td-auto-height=\"true\" data-wptb-cell-vertical-alignment=\"center\" ><div class=\"wptb-text-container wptb-ph-element wptb-element-text-597\" style=\"font-size: 15px; \"><div style=\"position: relative;\"><p><a href=\"https:\/\/jonker-sailplanes.com\/wp-content\/uploads\/2025\/10\/MD10-AFM-00-002-I01_Rev.-02.11.2021_JS-MD-3-Jet-Sustainer-Flight-Manual-Supplement_signed.pdf\" target=\"_blank\">JS-MD 3 Jet Sustainer Flight Manual Supplement<\/a><\/p><\/div><\/div><\/td><\/tr><tr  class=\"wptb-row\" style=\"\"><td class=\"wptb-cell\" colspan=\"1\" rowspan=\"1\" style=\"padding: 10px; border-width: 1px; border-color: #000000; border-style: solid; border-radius: 0px; \" data-y-index=\"1\" data-x-index=\"0\" data-wptb-css-td-auto-width=\"true\" data-wptb-css-td-auto-height=\"true\" data-wptb-cell-vertical-alignment=\"center\" ><div class=\"wptb-text-container wptb-ph-element wptb-element-text-598\" style=\"font-size: 15px; \"><div style=\"position: relative;\"><p><a href=\"https:\/\/jonker-sailplanes.com\/wp-content\/uploads\/2025\/10\/MD10-AFM-00-002-I01_Rev.-02.11.2021_JS-MD-3-Jet-Sustainer-Flight-Manual-Supplement_signed.pdf\" target=\"_blank\">JS-MD 3 Jet Sustainer Flight Manual Supplement<\/a><\/p><\/div><\/div><\/td><\/tr><\/tbody><\/table>\n<\/div>\n\n\n\t\t<\/div>\n\t<\/div>\n<div class=\"es-resp\">\t<div class=\"visible-xl\" style=\"height: 64px;\"><\/div>\t<div class=\"hidden-xl hidden-md hidden-sm hidden-ms hidden-xs\" style=\"height: 64px;\"><\/div>\t<div class=\"visible-md\" style=\"height: 64px;\"><\/div>\t<div class=\"visible-sm\" style=\"height: 64px;\"><\/div>\t<div class=\"visible-ms\" style=\"height: 32px;\"><\/div>\t<div class=\"visible-xs\" style=\"height: 32px;\"><\/div><\/div><\/div><\/div><div class=\"vc_tta-panel\" id=\"1756115215759-9e650904-e710\" data-vc-content=\".vc_tta-panel-body\"><div class=\"vc_tta-panel-heading\"><h4 class=\"vc_tta-panel-title\"><a href=\"#1756115215759-9e650904-e710\" data-vc-accordion data-vc-container=\".vc_tta-container\"><span class=\"vc_tta-title-text\">JS4 Rengeti<\/span><\/a><\/h4><\/div><div class=\"vc_tta-panel-body\"><div class=\"heading  header-subheader align-left color-black subcolor-main transform-default theme-icon-second icon-type-default heading-tag-h5\" id=\"like_sc_header_1156159228\"><h5 class=\"header ltx-sr-id-like_sc_header_1156159228133265855 ltx-sr ltx-sr-effect-fade_in ltx-sr-el-block ltx-sr-delay-0 ltx-sr-duration-1000 ltx-sr-sequences-0\">in production<\/h5><\/div><\/div><\/div><div class=\"vc_tta-panel\" id=\"1756115229506-998adec4-5b3f\" data-vc-content=\".vc_tta-panel-body\"><div class=\"vc_tta-panel-heading\"><h4 class=\"vc_tta-panel-title\"><a href=\"#1756115229506-998adec4-5b3f\" data-vc-accordion data-vc-container=\".vc_tta-container\"><span class=\"vc_tta-title-text\">JS5 Rey<\/span><\/a><\/h4><\/div><div class=\"vc_tta-panel-body\"><div class=\"heading  header-subheader align-left color-black subcolor-main transform-default theme-icon-second icon-type-default heading-tag-h5\" id=\"like_sc_header_995388413\"><h5 class=\"header ltx-sr-id-like_sc_header_995388413441351178 ltx-sr ltx-sr-effect-fade_in ltx-sr-el-block ltx-sr-delay-0 ltx-sr-duration-1000 ltx-sr-sequences-0\">to be published soon<\/h5><\/div><\/div><\/div><\/div><\/div><\/div><\/div><\/div><\/div><\/div><\/div><div class=\"vc_row-full-width vc_clearfix\"><\/div><\/section><div class=\"vc_row-full-width vc_clearfix\"><\/div>\n<\/div>","protected":false},"excerpt":{"rendered":"Your Complete JS Manual LibraryJS Sailplane Manuals Explore a comprehensive collection of manuals designed to support pilots, owners, and technicians throughout every stage of their JS sailplane journey. From flight operation guides to maintenance essentials, each manual is crafted with precision to ensure clarity, safety, and confidence. Our manuals provide clear, step-by-step guidance for every JS model \u2014 whether you\u2019re preparing for flight, performing routine checks, or carrying out detailed maintenance tasks. Each document is structured for ease of use and accuracy, helping you keep your sailplane performing at its best while upholding the highest standards of safety and reliability. Everything you need to fly, maintain, and care for your JS \u2014 all in one easy-to-access place. JS1 RevelationJS2 RevenantJS3 [...]","protected":false},"author":1,"featured_media":0,"parent":0,"menu_order":0,"comment_status":"closed","ping_status":"closed","template":"page-templates\/full-width.php","meta":{"footnotes":""},"class_list":["post-9763","page","type-page","status-publish","hentry"],"aioseo_notices":[],"_links":{"self":[{"href":"https:\/\/jonker-sailplanes.com\/de\/wp-json\/wp\/v2\/pages\/9763","targetHints":{"allow":["GET"]}}],"collection":[{"href":"https:\/\/jonker-sailplanes.com\/de\/wp-json\/wp\/v2\/pages"}],"about":[{"href":"https:\/\/jonker-sailplanes.com\/de\/wp-json\/wp\/v2\/types\/page"}],"author":[{"embeddable":true,"href":"https:\/\/jonker-sailplanes.com\/de\/wp-json\/wp\/v2\/users\/1"}],"replies":[{"embeddable":true,"href":"https:\/\/jonker-sailplanes.com\/de\/wp-json\/wp\/v2\/comments?post=9763"}],"version-history":[{"count":22,"href":"https:\/\/jonker-sailplanes.com\/de\/wp-json\/wp\/v2\/pages\/9763\/revisions"}],"predecessor-version":[{"id":11620,"href":"https:\/\/jonker-sailplanes.com\/de\/wp-json\/wp\/v2\/pages\/9763\/revisions\/11620"}],"wp:attachment":[{"href":"https:\/\/jonker-sailplanes.com\/de\/wp-json\/wp\/v2\/media?parent=9763"}],"curies":[{"name":"wp","href":"https:\/\/api.w.org\/{rel}","templated":true}]}}