{"id":10526,"date":"2025-10-06T11:17:40","date_gmt":"2025-10-06T09:17:40","guid":{"rendered":"https:\/\/jonker-sailplanes.com\/?page_id=10526"},"modified":"2026-01-29T10:11:42","modified_gmt":"2026-01-29T08:11:42","slug":"jonker-sailplanes-models","status":"publish","type":"page","link":"https:\/\/jonker-sailplanes.com\/de\/jonker-sailplanes-models\/","title":{"rendered":"Jonker Sailplanes Modelle"},"content":{"rendered":"<div class=\"wpb-content-wrapper\"><div data-vc-full-width=\"true\" data-vc-full-width-temp=\"true\" data-vc-full-width-init=\"false\" data-vc-stretch-content=\"true\" class=\"vc_row wpb_row vc_row-fluid vc_row-no-padding bg-pos-center-center\"><div class=\"wpb_column vc_column_container vc_col-sm-12 vc_hidden-md vc_hidden-sm\"><div class=\"vc_column-inner\"><div class=\"wpb_wrapper\">\n\t<div  class=\"wpb_single_image wpb_content_element vc_align_left wpb_content_element\">\n\t\t\n\t\t<figure class=\"wpb_wrapper vc_figure\">\n\t\t\t<div class=\"vc_single_image-wrapper   vc_box_border_grey\"><img fetchpriority=\"high\" decoding=\"async\" width=\"1920\" height=\"600\" src=\"https:\/\/jonker-sailplanes.com\/wp-content\/uploads\/2025\/10\/test5.jpg\" class=\"vc_single_image-img attachment-full\" alt=\"\" title=\"test5\" srcset=\"https:\/\/jonker-sailplanes.com\/wp-content\/uploads\/2025\/10\/test5.jpg 1920w, https:\/\/jonker-sailplanes.com\/wp-content\/uploads\/2025\/10\/test5-300x94.jpg 300w, https:\/\/jonker-sailplanes.com\/wp-content\/uploads\/2025\/10\/test5-1024x320.jpg 1024w, https:\/\/jonker-sailplanes.com\/wp-content\/uploads\/2025\/10\/test5-768x240.jpg 768w, https:\/\/jonker-sailplanes.com\/wp-content\/uploads\/2025\/10\/test5-1536x480.jpg 1536w, https:\/\/jonker-sailplanes.com\/wp-content\/uploads\/2025\/10\/test5-18x6.jpg 18w, https:\/\/jonker-sailplanes.com\/wp-content\/uploads\/2025\/10\/test5-600x188.jpg 600w\" sizes=\"(max-width: 1920px) 100vw, 1920px\" \/><\/div>\n\t\t<\/figure>\n\t<\/div>\n<\/div><\/div><\/div><\/div><div class=\"vc_row-full-width vc_clearfix\"><\/div><div class=\"vc_row wpb_row vc_row-fluid vc_custom_1769672697335\"><div class=\"wpb_column vc_column_container vc_col-sm-12\"><div class=\"vc_column-inner\"><div class=\"wpb_wrapper\"><div class=\"heading  header-subheader align-left color-black subcolor-main transform-default theme-icon-second icon-type-default heading-tag-h3\" id=\"like_sc_header_886035261\"><h3 class=\"header ltx-sr-id-like_sc_header_886035261479054460 ltx-sr ltx-sr-effect-fade_in ltx-sr-el-block ltx-sr-delay-0 ltx-sr-duration-1000 ltx-sr-sequences-0\">Jonker Sailplanes Modelle<\/h3><\/div><\/div><\/div><\/div><\/div><div class=\"vc_row wpb_row vc_row-fluid\"><div class=\"wpb_column vc_column_container vc_col-sm-3\"><div class=\"vc_column-inner\"><div class=\"wpb_wrapper\"><div class=\"heading  header-subheader align-left color-black subcolor-main transform-default theme-icon-second icon-type-default   vc_custom_1764682408514 heading-tag-h4\" id=\"like_sc_header_701528706\"><h4 class=\"header ltx-sr-id-like_sc_header_7015287061287617107 ltx-sr ltx-sr-effect-fade_in ltx-sr-el-block ltx-sr-delay-0 ltx-sr-duration-1000 ltx-sr-sequences-0\">JS2 REVENANT<\/h4><\/div>\n\t<div  class=\"wpb_single_image wpb_content_element vc_align_left wpb_content_element vc_custom_1769672104988\">\n\t\t\n\t\t<figure class=\"wpb_wrapper vc_figure\">\n\t\t\t<div class=\"vc_single_image-wrapper   vc_box_border_grey\"><img decoding=\"async\" class=\"vc_single_image-img\" src=\"https:\/\/jonker-sailplanes.com\/wp-content\/uploads\/2025\/08\/3W4A3606-1-360x200.jpg\" width=\"360\" height=\"200\" alt=\"3W4A3606\" title=\"3W4A3606\" \/><\/div>\n\t\t<\/figure>\n\t<\/div>\n<div class=\"es-resp\">\t<div class=\"visible-xl\" style=\"height: 30px;\"><\/div>\t<div class=\"hidden-xl hidden-md hidden-sm hidden-ms hidden-xs\" style=\"height: 30px;\"><\/div>\t<div class=\"visible-md\" style=\"height: 30px;\"><\/div>\t<div class=\"visible-sm\" style=\"height: 30px;\"><\/div>\t<div class=\"visible-ms\" style=\"height: 32px;\"><\/div>\t<div class=\"visible-xs\" style=\"height: 32px;\"><\/div><\/div>\n\t<div class=\"wpb_text_column wpb_content_element\" >\n\t\t<div class=\"wpb_wrapper\">\n\t\t\t<p class=\"p1\">Die JS2 Revenant \u2013 die n\u00e4chste Generation \u2013 ein 18m\/21m-Eigenstart Segelflugzeug, das modernste Aerodynamik und kundenorientiertes Design mit einem fortschrittlichen, zuverl\u00e4ssigen Antriebssystem vereint \u2013 f\u00fcr lange Fl\u00fcge und das sichere Gef\u00fchl, immer nach Hause zu kommen.<\/p>\n\n\t\t<\/div>\n\t<\/div>\n<div class=\"es-resp\">\t<div class=\"visible-xl\" style=\"height: 85px;\"><\/div>\t<div class=\"hidden-xl hidden-md hidden-sm hidden-ms hidden-xs\" style=\"height: 85px;\"><\/div>\t<div class=\"visible-md\" style=\"height: 85px;\"><\/div>\t<div class=\"visible-sm\" style=\"height: 85px;\"><\/div>\t<div class=\"visible-ms\" style=\"height: 32px;\"><\/div>\t<div class=\"visible-xs\" style=\"height: 32px;\"><\/div><\/div><div class=\"vc_btn3-container vc_btn3-inline vc_do_btn\" ><a class=\"vc_general vc_btn3 vc_btn3-size-sm vc_btn3-shape-square vc_btn3-style-modern vc_btn3-color-primary\" href=\"https:\/\/jonker-sailplanes.com\/de\/js2-revenant\/\" title=\"\">Mehr erfahren\u2026<\/a><\/div><\/div><\/div><\/div><div class=\"wpb_column vc_column_container vc_col-sm-3\"><div class=\"vc_column-inner\"><div class=\"wpb_wrapper\"><div class=\"heading  header-subheader align-left color-black subcolor-main transform-default theme-icon-second icon-type-default   vc_custom_1764682416576 heading-tag-h4\" id=\"like_sc_header_253134762\"><h4 class=\"header ltx-sr-id-like_sc_header_2531347621686790338 ltx-sr ltx-sr-effect-fade_in ltx-sr-el-block ltx-sr-delay-0 ltx-sr-duration-1000 ltx-sr-sequences-0\">JS3 RAPTURE<\/h4><\/div>\n\t<div  class=\"wpb_single_image wpb_content_element vc_align_left wpb_content_element vc_custom_1769672117478\">\n\t\t\n\t\t<figure class=\"wpb_wrapper vc_figure\">\n\t\t\t<div class=\"vc_single_image-wrapper   vc_box_border_grey\"><img decoding=\"async\" class=\"vc_single_image-img\" src=\"https:\/\/jonker-sailplanes.com\/wp-content\/uploads\/2025\/08\/0J7A2225-360x200.jpg\" width=\"360\" height=\"200\" alt=\"0J7A2225\" title=\"0J7A2225\" \/><\/div>\n\t\t<\/figure>\n\t<\/div>\n<div class=\"es-resp\">\t<div class=\"visible-xl\" style=\"height: 30px;\"><\/div>\t<div class=\"hidden-xl hidden-md hidden-sm hidden-ms hidden-xs\" style=\"height: 30px;\"><\/div>\t<div class=\"visible-md\" style=\"height: 30px;\"><\/div>\t<div class=\"visible-sm\" style=\"height: 30px;\"><\/div>\t<div class=\"visible-ms\" style=\"height: 32px;\"><\/div>\t<div class=\"visible-xs\" style=\"height: 32px;\"><\/div><\/div>\n\t<div class=\"wpb_text_column wpb_content_element\" >\n\t\t<div class=\"wpb_wrapper\">\n\t\t\t<p class=\"p1\">Die JS3 Rapture \u2014 wo Leistung auf Perfektion trifft. Entwickelt f\u00fcr Champions und all jene, die Weltrekorde jagen oder auf h\u00f6chstem Niveau fliegen, vereint dieses 15m\/18m Klasse Segelflugzeug modernste Aerodynamik mit der Wahl zwischen einem JET als Heimkehrhilfe oder dem RES Eigenstartsystem \u2013 bereits von \u00fcber 270 Piloten weltweit geflogen.<\/p>\n\n\t\t<\/div>\n\t<\/div>\n<div class=\"es-resp\">\t<div class=\"visible-xl\" style=\"height: 30px;\"><\/div>\t<div class=\"hidden-xl hidden-md hidden-sm hidden-ms hidden-xs\" style=\"height: 30px;\"><\/div>\t<div class=\"visible-md\" style=\"height: 30px;\"><\/div>\t<div class=\"visible-sm\" style=\"height: 30px;\"><\/div>\t<div class=\"visible-ms\" style=\"height: 32px;\"><\/div>\t<div class=\"visible-xs\" style=\"height: 32px;\"><\/div><\/div><div class=\"vc_btn3-container vc_btn3-inline vc_do_btn\" ><a class=\"vc_general vc_btn3 vc_btn3-size-sm vc_btn3-shape-square vc_btn3-style-modern vc_btn3-color-primary\" href=\"https:\/\/jonker-sailplanes.com\/de\/js3-rapture\/\" title=\"\">Mehr erfahren\u2026<\/a><\/div><\/div><\/div><\/div><div class=\"wpb_column vc_column_container vc_col-sm-3\"><div class=\"vc_column-inner\"><div class=\"wpb_wrapper\"><div class=\"heading  header-subheader align-left color-black subcolor-main transform-default theme-icon-second icon-type-default   vc_custom_1764682423606 heading-tag-h4\" id=\"like_sc_header_1560400440\"><h4 class=\"header ltx-sr-id-like_sc_header_15604004401891931092 ltx-sr ltx-sr-effect-fade_in ltx-sr-el-block ltx-sr-delay-0 ltx-sr-duration-1000 ltx-sr-sequences-0\">JS4 RENGETI<\/h4><\/div>\n\t<div  class=\"wpb_single_image wpb_content_element vc_align_left wpb_content_element vc_custom_1769672124266\">\n\t\t\n\t\t<figure class=\"wpb_wrapper vc_figure\">\n\t\t\t<div class=\"vc_single_image-wrapper   vc_box_border_grey\"><img loading=\"lazy\" decoding=\"async\" class=\"vc_single_image-img\" src=\"https:\/\/jonker-sailplanes.com\/wp-content\/uploads\/2025\/08\/5-1024x581-1-360x200.jpg\" width=\"360\" height=\"200\" alt=\"5-1024x581\" title=\"5-1024x581\" \/><\/div>\n\t\t<\/figure>\n\t<\/div>\n<div class=\"es-resp\">\t<div class=\"visible-xl\" style=\"height: 30px;\"><\/div>\t<div class=\"hidden-xl hidden-md hidden-sm hidden-ms hidden-xs\" style=\"height: 30px;\"><\/div>\t<div class=\"visible-md\" style=\"height: 30px;\"><\/div>\t<div class=\"visible-sm\" style=\"height: 30px;\"><\/div>\t<div class=\"visible-ms\" style=\"height: 32px;\"><\/div>\t<div class=\"visible-xs\" style=\"height: 32px;\"><\/div><\/div>\n\t<div class=\"wpb_text_column wpb_content_element\" >\n\t\t<div class=\"wpb_wrapper\">\n\t\t\t<p class=\"p1\">Die JS4 \u2013 das modernste 15m Standardklasse Segelflugzeug, optimiert f\u00fcr die n\u00e4chste Generation von Piloten, die Leistung, Geschwindigkeit und einfaches Handling lieben.<\/p>\n\n\t\t<\/div>\n\t<\/div>\n<div class=\"es-resp\">\t<div class=\"visible-xl\" style=\"height: 144px;\"><\/div>\t<div class=\"hidden-xl hidden-md hidden-sm hidden-ms hidden-xs\" style=\"height: 144px;\"><\/div>\t<div class=\"visible-md\" style=\"height: 144px;\"><\/div>\t<div class=\"visible-sm\" style=\"height: 144px;\"><\/div>\t<div class=\"visible-ms\" style=\"height: 32px;\"><\/div>\t<div class=\"visible-xs\" style=\"height: 32px;\"><\/div><\/div><div class=\"vc_btn3-container vc_btn3-inline vc_do_btn\" ><a class=\"vc_general vc_btn3 vc_btn3-size-sm vc_btn3-shape-square vc_btn3-style-modern vc_btn3-color-primary\" href=\"https:\/\/jonker-sailplanes.com\/de\/js4-rengeti\/\" title=\"\">Mehr erfahren\u2026<\/a><\/div><\/div><\/div><\/div><div class=\"wpb_column vc_column_container vc_col-sm-3\"><div class=\"vc_column-inner\"><div class=\"wpb_wrapper\"><div class=\"heading  header-subheader align-left color-black subcolor-main transform-default theme-icon-second icon-type-default   vc_custom_1764682431143 heading-tag-h4\" id=\"like_sc_header_1068452539\"><h4 class=\"header ltx-sr-id-like_sc_header_10684525391431355017 ltx-sr ltx-sr-effect-fade_in ltx-sr-el-block ltx-sr-delay-0 ltx-sr-duration-1000 ltx-sr-sequences-0\">JS5 REY<\/h4><\/div>\n\t<div  class=\"wpb_single_image wpb_content_element vc_align_left wpb_content_element vc_custom_1769672131398\">\n\t\t\n\t\t<figure class=\"wpb_wrapper vc_figure\">\n\t\t\t<div class=\"vc_single_image-wrapper   vc_box_border_grey\"><img loading=\"lazy\" decoding=\"async\" class=\"vc_single_image-img\" src=\"https:\/\/jonker-sailplanes.com\/wp-content\/uploads\/2025\/08\/IMG_9178-360x200.jpg\" width=\"360\" height=\"200\" alt=\"IMG_9178\" title=\"IMG_9178\" \/><\/div>\n\t\t<\/figure>\n\t<\/div>\n<div class=\"es-resp\">\t<div class=\"visible-xl\" style=\"height: 30px;\"><\/div>\t<div class=\"hidden-xl hidden-md hidden-sm hidden-ms hidden-xs\" style=\"height: 30px;\"><\/div>\t<div class=\"visible-md\" style=\"height: 30px;\"><\/div>\t<div class=\"visible-sm\" style=\"height: 30px;\"><\/div>\t<div class=\"visible-ms\" style=\"height: 32px;\"><\/div>\t<div class=\"visible-xs\" style=\"height: 32px;\"><\/div><\/div>\n\t<div class=\"wpb_text_column wpb_content_element\" >\n\t\t<div class=\"wpb_wrapper\">\n\t\t\t<p class=\"p1\">The King of the Sky - die JS5, ein 24m Meisterwerk der Offenen Klasse mit einem modernen Eigenstartsystem, entwickelt f\u00fcr grenzenlose Performance und ultimative Unabh\u00e4ngigkeit.<\/p>\n\n\t\t<\/div>\n\t<\/div>\n<div class=\"es-resp\">\t<div class=\"visible-xl\" style=\"height: 146px;\"><\/div>\t<div class=\"hidden-xl hidden-md hidden-sm hidden-ms hidden-xs\" style=\"height: 146px;\"><\/div>\t<div class=\"visible-md\" style=\"height: 146px;\"><\/div>\t<div class=\"visible-sm\" style=\"height: 146px;\"><\/div>\t<div class=\"visible-ms\" style=\"height: 32px;\"><\/div>\t<div class=\"visible-xs\" style=\"height: 32px;\"><\/div><\/div><div class=\"vc_btn3-container vc_btn3-inline vc_do_btn\" ><a class=\"vc_general vc_btn3 vc_btn3-size-sm vc_btn3-shape-square vc_btn3-style-modern vc_btn3-color-primary\" href=\"https:\/\/jonker-sailplanes.com\/de\/js5-rey\/\" title=\"\">Mehr erfahren\u2026<\/a><\/div><\/div><\/div><\/div><\/div>\n<\/div>","protected":false},"excerpt":{"rendered":"Jonker Sailplanes ModelsJS2 REVENANT The JS2 Revenant - a next-generation 18m\/21m self-launch sailplane combining refined aerodynamics and pilot-focused design with advanced propulsion options, including a reliable combustion engine for long flights and the confidence to always come home. Learn More...JS3 RAPTURE The JS3 Rapture - where performance meets perfection. Engineered for champions and refined for those who chase world records or race at the highest level, this 15m\/18m Class sailplane combines world-leading aerodynamics with the choice of a JET sustainer or RES self-launch system \u2014 trusted by more than 270 pilots worldwide. Learn More...JS4 RENGETI The JS4, the most modern 15m Standard Class sailplane, optimized for the next generation of pilots seeking precision, speed, and effortless handling. Learn More...JS5 REY [...]","protected":false},"author":1,"featured_media":0,"parent":0,"menu_order":0,"comment_status":"closed","ping_status":"closed","template":"page-templates\/full-width.php","meta":{"footnotes":""},"class_list":["post-10526","page","type-page","status-publish","hentry"],"aioseo_notices":[],"_links":{"self":[{"href":"https:\/\/jonker-sailplanes.com\/de\/wp-json\/wp\/v2\/pages\/10526","targetHints":{"allow":["GET"]}}],"collection":[{"href":"https:\/\/jonker-sailplanes.com\/de\/wp-json\/wp\/v2\/pages"}],"about":[{"href":"https:\/\/jonker-sailplanes.com\/de\/wp-json\/wp\/v2\/types\/page"}],"author":[{"embeddable":true,"href":"https:\/\/jonker-sailplanes.com\/de\/wp-json\/wp\/v2\/users\/1"}],"replies":[{"embeddable":true,"href":"https:\/\/jonker-sailplanes.com\/de\/wp-json\/wp\/v2\/comments?post=10526"}],"version-history":[{"count":50,"href":"https:\/\/jonker-sailplanes.com\/de\/wp-json\/wp\/v2\/pages\/10526\/revisions"}],"predecessor-version":[{"id":11575,"href":"https:\/\/jonker-sailplanes.com\/de\/wp-json\/wp\/v2\/pages\/10526\/revisions\/11575"}],"wp:attachment":[{"href":"https:\/\/jonker-sailplanes.com\/de\/wp-json\/wp\/v2\/media?parent=10526"}],"curies":[{"name":"wp","href":"https:\/\/api.w.org\/{rel}","templated":true}]}}