{"id":10333,"date":"2025-09-29T16:37:35","date_gmt":"2025-09-29T14:37:35","guid":{"rendered":"https:\/\/jonker-sailplanes.com\/?page_id=10333"},"modified":"2026-01-29T14:11:29","modified_gmt":"2026-01-29T12:11:29","slug":"agents","status":"publish","type":"page","link":"https:\/\/jonker-sailplanes.com\/de\/agents\/","title":{"rendered":"Vertreter"},"content":{"rendered":"<div class=\"wpb-content-wrapper\"><div data-vc-full-width=\"true\" data-vc-full-width-temp=\"true\" data-vc-full-width-init=\"false\" data-vc-stretch-content=\"true\" class=\"vc_row wpb_row vc_row-fluid vc_row-no-padding bg-pos-center-center\"><div class=\"wpb_column vc_column_container vc_col-sm-12\"><div class=\"vc_column-inner\"><div class=\"wpb_wrapper\">\n\t<div  class=\"wpb_single_image wpb_content_element vc_align_left wpb_content_element\">\n\t\t\n\t\t<figure class=\"wpb_wrapper vc_figure\">\n\t\t\t<div class=\"vc_single_image-wrapper   vc_box_border_grey\"><img fetchpriority=\"high\" decoding=\"async\" width=\"1920\" height=\"1000\" src=\"https:\/\/jonker-sailplanes.com\/wp-content\/uploads\/2026\/01\/manuals-slider.jpg\" class=\"vc_single_image-img attachment-full\" alt=\"\" title=\"manuals slider\" srcset=\"https:\/\/jonker-sailplanes.com\/wp-content\/uploads\/2026\/01\/manuals-slider.jpg 1920w, https:\/\/jonker-sailplanes.com\/wp-content\/uploads\/2026\/01\/manuals-slider-300x156.jpg 300w, https:\/\/jonker-sailplanes.com\/wp-content\/uploads\/2026\/01\/manuals-slider-1024x533.jpg 1024w, https:\/\/jonker-sailplanes.com\/wp-content\/uploads\/2026\/01\/manuals-slider-768x400.jpg 768w, https:\/\/jonker-sailplanes.com\/wp-content\/uploads\/2026\/01\/manuals-slider-1536x800.jpg 1536w, https:\/\/jonker-sailplanes.com\/wp-content\/uploads\/2026\/01\/manuals-slider-18x9.jpg 18w\" sizes=\"(max-width: 1920px) 100vw, 1920px\" \/><\/div>\n\t\t<\/figure>\n\t<\/div>\n<\/div><\/div><\/div><\/div><div class=\"vc_row-full-width vc_clearfix\"><\/div><section data-vc-full-width=\"true\" data-vc-full-width-temp=\"true\" data-vc-full-width-init=\"false\" class=\"vc_section text-align-center-md-sm-ms\"><div id=\"technicalnotes\" data-vc-full-width=\"true\" data-vc-full-width-temp=\"true\" data-vc-full-width-init=\"false\" class=\"vc_row wpb_row vc_row-fluid\"><div class=\"wpb_column vc_column_container vc_col-sm-12\"><div class=\"vc_column-inner\"><div class=\"wpb_wrapper\"><div class=\"heading  header-subheader align-left color-black subcolor-main transform-default has-subheader theme-icon-second icon-type-default heading-tag-h3\" id=\"like_sc_header_642354531\"><h5 class=\"subheader ltx-sr-id-like_sc_header_6423545311132710057 ltx-sr ltx-sr-effect-fade_in ltx-sr-el-block ltx-sr-delay-100 ltx-sr-duration-300 ltx-sr-sequences-50\">Lokale Expertise<\/h5><h3 class=\"header ltx-sr-id-like_sc_header_6423545311646971436 ltx-sr ltx-sr-effect-fade_in ltx-sr-el-block ltx-sr-delay-0 ltx-sr-duration-1000 ltx-sr-sequences-0\">JS Agenten<\/h3><\/div><\/div><\/div><\/div><\/div><div class=\"vc_row-full-width vc_clearfix\"><\/div><div class=\"vc_row wpb_row vc_row-fluid\"><div class=\"wpb_column vc_column_container vc_col-sm-12\"><div class=\"vc_column-inner\"><div class=\"wpb_wrapper\">\n\t<div class=\"wpb_text_column wpb_content_element\" >\n\t\t<div class=\"wpb_wrapper\">\n\t\t\t<p style=\"text-align: left;\">Bei Jonker Sailplanes basiert unser Erfolg auf Zusammenarbeit. Unser Netzwerk aus vertrauensw\u00fcrdigen Vertretern auf allen Kontinenten sorgt daf\u00fcr, dass Piloten, Eigent\u00fcmer und Betreiber erstklassigen Service, lokale Fachkompetenz und nahtlosen Support erhalten. Entdecken Sie unten unser globales JS-Netzwerk und finden Sie Ihren n\u00e4chstgelegenen Vertreter, der Ihnen bei jedem Schritt zur Seite steht.<\/p>\n\n\t\t<\/div>\n\t<\/div>\n<div class=\"es-resp\">\t<div class=\"visible-xl\" style=\"height: 64px;\"><\/div>\t<div class=\"hidden-xl hidden-md hidden-sm hidden-ms hidden-xs\" style=\"height: 64px;\"><\/div>\t<div class=\"visible-md\" style=\"height: 64px;\"><\/div>\t<div class=\"visible-sm\" style=\"height: 64px;\"><\/div>\t<div class=\"visible-ms\" style=\"height: 32px;\"><\/div>\t<div class=\"visible-xs\" style=\"height: 32px;\"><\/div><\/div>\n\t<div class=\"wpb_raw_code wpb_raw_html wpb_content_element\" >\n\t\t<div class=\"wpb_wrapper\">\n\t\t\t<iframe src=\"https:\/\/www.google.com\/maps\/d\/embed?mid=1UPicnv4JFUuj-PqQ9yZitUL-RsZIhMtr&ehbc=2E312F\" width=\"100%\" height=\"650\"><\/iframe>\n\t\t<\/div>\n\t<\/div>\n<\/div><\/div><\/div><\/div><div data-vc-full-width=\"true\" data-vc-full-width-temp=\"true\" data-vc-full-width-init=\"false\" class=\"vc_row wpb_row vc_row-fluid\"><div class=\"wpb_column vc_column_container vc_col-sm-12\"><div class=\"vc_column-inner\"><div class=\"wpb_wrapper\"><div class=\"es-resp\">\t<div class=\"visible-xl\" style=\"height: 125px;\"><\/div>\t<div class=\"hidden-xl hidden-md hidden-sm hidden-ms hidden-xs\" style=\"height: 125px;\"><\/div>\t<div class=\"visible-md\" style=\"height: 125px;\"><\/div>\t<div class=\"visible-sm\" style=\"height: 125px;\"><\/div>\t<div class=\"visible-ms\" style=\"height: 64px;\"><\/div>\t<div class=\"visible-xs\" style=\"height: 64px;\"><\/div><\/div><\/div><\/div><\/div><\/div><div class=\"vc_row-full-width vc_clearfix\"><\/div><\/section><div class=\"vc_row-full-width vc_clearfix\"><\/div>\n<\/div>","protected":false},"excerpt":{"rendered":"Local ExpertiseJS Agents At Jonker Sailplanes, our success is built on collaboration. Across continents, our network of trusted agents ensures that pilots, owners, and operators receive world-class service, local expertise, and seamless support. Explore our global JS network below to find your nearest agent \u2014 ready to assist you every step of the way.","protected":false},"author":1,"featured_media":0,"parent":0,"menu_order":0,"comment_status":"closed","ping_status":"closed","template":"page-templates\/full-width.php","meta":{"footnotes":""},"class_list":["post-10333","page","type-page","status-publish","hentry"],"aioseo_notices":[],"_links":{"self":[{"href":"https:\/\/jonker-sailplanes.com\/de\/wp-json\/wp\/v2\/pages\/10333","targetHints":{"allow":["GET"]}}],"collection":[{"href":"https:\/\/jonker-sailplanes.com\/de\/wp-json\/wp\/v2\/pages"}],"about":[{"href":"https:\/\/jonker-sailplanes.com\/de\/wp-json\/wp\/v2\/types\/page"}],"author":[{"embeddable":true,"href":"https:\/\/jonker-sailplanes.com\/de\/wp-json\/wp\/v2\/users\/1"}],"replies":[{"embeddable":true,"href":"https:\/\/jonker-sailplanes.com\/de\/wp-json\/wp\/v2\/comments?post=10333"}],"version-history":[{"count":54,"href":"https:\/\/jonker-sailplanes.com\/de\/wp-json\/wp\/v2\/pages\/10333\/revisions"}],"predecessor-version":[{"id":11595,"href":"https:\/\/jonker-sailplanes.com\/de\/wp-json\/wp\/v2\/pages\/10333\/revisions\/11595"}],"wp:attachment":[{"href":"https:\/\/jonker-sailplanes.com\/de\/wp-json\/wp\/v2\/media?parent=10333"}],"curies":[{"name":"wp","href":"https:\/\/api.w.org\/{rel}","templated":true}]}}