{"id":10221,"date":"2025-09-22T10:20:19","date_gmt":"2025-09-22T08:20:19","guid":{"rendered":"https:\/\/jonker-sailplanes.com\/?page_id=10221"},"modified":"2026-04-16T15:48:37","modified_gmt":"2026-04-16T13:48:37","slug":"videos-and-media-events","status":"publish","type":"page","link":"https:\/\/jonker-sailplanes.com\/de\/videos-and-media-events\/","title":{"rendered":"VIDEOS &amp; MEDIEN, VERANSTALTUNGEN"},"content":{"rendered":"<div class=\"wpb-content-wrapper\"><div data-vc-full-width=\"true\" data-vc-full-width-temp=\"true\" data-vc-full-width-init=\"false\" data-vc-stretch-content=\"true\" class=\"vc_row wpb_row vc_row-fluid vc_row-no-padding bg-pos-center-center\"><div class=\"wpb_column vc_column_container vc_col-sm-12\"><div class=\"vc_column-inner\"><div class=\"wpb_wrapper\">\n\t<div  class=\"wpb_single_image wpb_content_element vc_align_left wpb_content_element\">\n\t\t\n\t\t<figure class=\"wpb_wrapper vc_figure\">\n\t\t\t<div class=\"vc_single_image-wrapper   vc_box_border_grey\"><img fetchpriority=\"high\" decoding=\"async\" width=\"1920\" height=\"1000\" src=\"https:\/\/jonker-sailplanes.com\/wp-content\/uploads\/2026\/01\/manuals-slider.jpg\" class=\"vc_single_image-img attachment-full\" alt=\"\" title=\"manuals slider\" srcset=\"https:\/\/jonker-sailplanes.com\/wp-content\/uploads\/2026\/01\/manuals-slider.jpg 1920w, https:\/\/jonker-sailplanes.com\/wp-content\/uploads\/2026\/01\/manuals-slider-300x156.jpg 300w, https:\/\/jonker-sailplanes.com\/wp-content\/uploads\/2026\/01\/manuals-slider-1024x533.jpg 1024w, https:\/\/jonker-sailplanes.com\/wp-content\/uploads\/2026\/01\/manuals-slider-768x400.jpg 768w, https:\/\/jonker-sailplanes.com\/wp-content\/uploads\/2026\/01\/manuals-slider-1536x800.jpg 1536w, https:\/\/jonker-sailplanes.com\/wp-content\/uploads\/2026\/01\/manuals-slider-18x9.jpg 18w\" sizes=\"(max-width: 1920px) 100vw, 1920px\" \/><\/div>\n\t\t<\/figure>\n\t<\/div>\n<\/div><\/div><\/div><\/div><div class=\"vc_row-full-width vc_clearfix\"><\/div><div id=\"technicalnotes\" data-vc-full-width=\"true\" data-vc-full-width-temp=\"true\" data-vc-full-width-init=\"false\" class=\"vc_row wpb_row vc_row-fluid\"><div class=\"wpb_column vc_column_container vc_col-sm-12\"><div class=\"vc_column-inner\"><div class=\"wpb_wrapper\"><div class=\"heading  heading-large default align-left color-second subcolor-black transform-header-up icon-type-hidden heading-tag-h4\" id=\"like_sc_header_121443026\"><h4 class=\"header ltx-sr-id-like_sc_header_1214430261092799898 ltx-sr ltx-sr-effect-fade_in ltx-sr-el-block ltx-sr-delay-0 ltx-sr-duration-1000 ltx-sr-sequences-0\"><span> Videos &amp; Medien, Veranstaltungen <\/span><\/h4><\/div>\n\t<div class=\"wpb_text_column wpb_content_element\" >\n\t\t<div class=\"wpb_wrapper\">\n\t\t\t<p>Von atemberaubenden Flugvideos und exklusiver Medienberichterstattung bis hin zu internationalen Events und Ausstellungen \u2013 erlebe, wie Innovation abhebt. Tauche ein in unsere Geschichten, erlebe die H\u00f6hepunkte noch einmal und begleite uns, wenn wir pr\u00e4zise Ingenieurskunst, rekordverd\u00e4chtige Leistung und die Leidenschaft hinter jedem Jonker-Segelflugzeug pr\u00e4sentieren.<\/p>\n\n\t\t<\/div>\n\t<\/div>\n<div class=\"es-resp\">\t<div class=\"visible-xl\" style=\"height: 15px;\"><\/div>\t<div class=\"hidden-xl hidden-md hidden-sm hidden-ms hidden-xs\" style=\"height: 15px;\"><\/div>\t<div class=\"visible-md\" style=\"height: 15px;\"><\/div>\t<div class=\"visible-sm\" style=\"height: 15px;\"><\/div>\t<div class=\"visible-ms\" style=\"height: 10px;\"><\/div>\t<div class=\"visible-xs\" style=\"height: 10px;\"><\/div><\/div><\/div><\/div><\/div><\/div><div class=\"vc_row-full-width vc_clearfix\"><\/div><section data-vc-full-width=\"true\" data-vc-full-width-temp=\"true\" data-vc-full-width-init=\"false\" class=\"vc_section text-align-center-md-sm-ms\"><div id=\"technicalnotes\" class=\"vc_row wpb_row vc_row-fluid\"><div class=\"wpb_column vc_column_container vc_col-sm-12\"><div class=\"vc_column-inner\"><div class=\"wpb_wrapper\"><div class=\"es-resp\">\t<div class=\"visible-xl\" style=\"height: 125px;\"><\/div>\t<div class=\"hidden-xl hidden-md hidden-sm hidden-ms hidden-xs\" style=\"height: 125px;\"><\/div>\t<div class=\"visible-md\" style=\"height: 125px;\"><\/div>\t<div class=\"visible-sm\" style=\"height: 125px;\"><\/div>\t<div class=\"visible-ms\" style=\"height: 64px;\"><\/div>\t<div class=\"visible-xs\" style=\"height: 64px;\"><\/div><\/div><\/div><\/div><\/div><\/div><div class=\"vc_row wpb_row vc_row-fluid\"><div class=\"wpb_column vc_column_container vc_col-sm-12\"><div class=\"vc_column-inner\"><div class=\"wpb_wrapper\"><div class=\"vc_tta-container\" data-vc-action=\"collapse\"><div class=\"vc_general vc_tta vc_tta-tabs vc_tta-color-grey vc_tta-style-modern vc_tta-shape-rounded vc_tta-spacing-1 vc_tta-tabs-position-top vc_tta-controls-align-left\"><div class=\"vc_tta-tabs-container\"><ul class=\"vc_tta-tabs-list\" role=\"tablist\"><li class=\"vc_tta-tab vc_active\" data-vc-tab role=\"presentation\"><a href=\"#1756115053786-f68a0eaa-da73\" data-vc-tabs data-vc-container=\".vc_tta\" role=\"tab\" aria-selected=\"false\" id=\"tab-1756115053786-f68a0eaa-da73\"><span class=\"vc_tta-title-text\">Videos<\/span><\/a><\/li><li class=\"vc_tta-tab\" data-vc-tab role=\"presentation\"><a href=\"#1756115053787-c2d9f2a6-c750\" data-vc-tabs data-vc-container=\".vc_tta\" role=\"tab\" aria-selected=\"false\" id=\"tab-1756115053787-c2d9f2a6-c750\"><span class=\"vc_tta-title-text\">Medien<\/span><\/a><\/li><li class=\"vc_tta-tab\" data-vc-tab role=\"presentation\"><a href=\"#1756115199839-69dda5bb-f6ac\" data-vc-tabs data-vc-container=\".vc_tta\" role=\"tab\" aria-selected=\"false\" id=\"tab-1756115199839-69dda5bb-f6ac\"><span class=\"vc_tta-title-text\">Veranstaltungen<\/span><\/a><\/li><\/ul><\/div><div class=\"vc_tta-panels-container\"><div class=\"vc_tta-panels\"><div class=\"vc_tta-panel vc_active\" id=\"1756115053786-f68a0eaa-da73\" data-vc-content=\".vc_tta-panel-body\"><div class=\"vc_tta-panel-heading\"><h4 class=\"vc_tta-panel-title\"><a href=\"#1756115053786-f68a0eaa-da73\" data-vc-accordion data-vc-container=\".vc_tta-container\"><span class=\"vc_tta-title-text\">Videos<\/span><\/a><\/h4><\/div><div class=\"vc_tta-panel-body\"><div class=\"vc_btn3-container vc_btn3-inline vc_do_btn\" ><a class=\"vc_general vc_btn3 vc_btn3-size-lg vc_btn3-shape-square vc_btn3-style-modern vc_btn3-color-primary\" href=\"https:\/\/www.youtube.com\/@jonkersailplanes3113\/playlists\" title=\"\" target=\"_blank\">Alle Playlists anzeigen<\/a><\/div>\n\t<div class=\"wpb_raw_code wpb_raw_html wpb_content_element\" >\n\t\t<div class=\"wpb_wrapper\">\n\t\t\t<iframe width=\"100%\" height=\"650\" src=\"https:\/\/www.youtube.com\/embed\/BC5a8ylBsfk?si=jvjz5LVI05quuC_g\" title=\"YouTube video player\" frameborder=\"0\" allow=\"accelerometer; autoplay; clipboard-write; encrypted-media; gyroscope; picture-in-picture; web-share\" referrerpolicy=\"strict-origin-when-cross-origin\" allowfullscreen><\/iframe>\n\t\t<\/div>\n\t<\/div>\n\n\t<div class=\"wpb_raw_code wpb_raw_html wpb_content_element\" >\n\t\t<div class=\"wpb_wrapper\">\n\t\t\t<iframe width=\"100%\" height=\"850\" src=\"https:\/\/www.youtube.com\/embed\/r3D3TaGFVPo?si=gydtdZjBGC0AeF6C\" title=\"YouTube video player\" frameborder=\"0\" allow=\"accelerometer; autoplay; clipboard-write; encrypted-media; gyroscope; picture-in-picture; web-share\" referrerpolicy=\"strict-origin-when-cross-origin\" allowfullscreen><\/iframe>\n\t\t<\/div>\n\t<\/div>\n\n\t<div class=\"wpb_raw_code wpb_raw_html wpb_content_element\" >\n\t\t<div class=\"wpb_wrapper\">\n\t\t\t<iframe width=\"100%\" height=\"850\" \r\n  src=\"https:\/\/www.youtube.com\/embed\/videoseries?list=PLAS7FiExOGviUi7vrnvbcYwyQmetlwTTh\" \r\n  title=\"YouTube playlist\" \r\n  frameborder=\"0\" \r\n  allow=\"accelerometer; autoplay; clipboard-write; encrypted-media; gyroscope; picture-in-picture\" \r\n  allowfullscreen>\r\n<\/iframe>\r\n\n\t\t<\/div>\n\t<\/div>\n<\/div><\/div><div class=\"vc_tta-panel\" id=\"1756115053787-c2d9f2a6-c750\" data-vc-content=\".vc_tta-panel-body\"><div class=\"vc_tta-panel-heading\"><h4 class=\"vc_tta-panel-title\"><a href=\"#1756115053787-c2d9f2a6-c750\" data-vc-accordion data-vc-container=\".vc_tta-container\"><span class=\"vc_tta-title-text\">Medien<\/span><\/a><\/h4><\/div><div class=\"vc_tta-panel-body\"><\/div><\/div><div class=\"vc_tta-panel\" id=\"1756115199839-69dda5bb-f6ac\" data-vc-content=\".vc_tta-panel-body\"><div class=\"vc_tta-panel-heading\"><h4 class=\"vc_tta-panel-title\"><a href=\"#1756115199839-69dda5bb-f6ac\" data-vc-accordion data-vc-container=\".vc_tta-container\"><span class=\"vc_tta-title-text\">Veranstaltungen<\/span><\/a><\/h4><\/div><div class=\"vc_tta-panel-body\"><\/div><\/div><\/div><\/div><\/div><\/div><\/div><\/div><\/div><\/div><\/section><div class=\"vc_row-full-width vc_clearfix\"><\/div><section data-vc-full-width=\"true\" data-vc-full-width-temp=\"true\" data-vc-full-width-init=\"false\" class=\"vc_section text-align-center-md-sm-ms\"><div class=\"vc_row wpb_row vc_row-fluid\"><div class=\"wpb_column vc_column_container vc_col-sm-12\"><div class=\"vc_column-inner\"><div class=\"wpb_wrapper\"><div class=\"es-resp\">\t<div class=\"visible-xl\" style=\"height: 125px;\"><\/div>\t<div class=\"hidden-xl hidden-md hidden-sm hidden-ms hidden-xs\" style=\"height: 125px;\"><\/div>\t<div class=\"visible-md\" style=\"height: 125px;\"><\/div>\t<div class=\"visible-sm\" style=\"height: 125px;\"><\/div>\t<div class=\"visible-ms\" style=\"height: 64px;\"><\/div>\t<div class=\"visible-xs\" style=\"height: 64px;\"><\/div><\/div><\/div><\/div><\/div><\/div><\/section><div class=\"vc_row-full-width vc_clearfix\"><\/div>\n<\/div>","protected":false},"excerpt":{"rendered":"Videos &amp; Media, Events From breathtaking flight videos and exclusive media coverage to global events and exhibitions\u2014discover how innovation takes flight. Dive into our stories, relive the highlights, and join us as we showcase precision engineering, record-breaking performance, and the passion behind every Jonker Sailplane. VideosMediaEventsVideosView all playlists MediaEvents","protected":false},"author":1,"featured_media":0,"parent":0,"menu_order":0,"comment_status":"closed","ping_status":"closed","template":"page-templates\/full-width.php","meta":{"footnotes":""},"class_list":["post-10221","page","type-page","status-publish","hentry"],"aioseo_notices":[],"_links":{"self":[{"href":"https:\/\/jonker-sailplanes.com\/de\/wp-json\/wp\/v2\/pages\/10221","targetHints":{"allow":["GET"]}}],"collection":[{"href":"https:\/\/jonker-sailplanes.com\/de\/wp-json\/wp\/v2\/pages"}],"about":[{"href":"https:\/\/jonker-sailplanes.com\/de\/wp-json\/wp\/v2\/types\/page"}],"author":[{"embeddable":true,"href":"https:\/\/jonker-sailplanes.com\/de\/wp-json\/wp\/v2\/users\/1"}],"replies":[{"embeddable":true,"href":"https:\/\/jonker-sailplanes.com\/de\/wp-json\/wp\/v2\/comments?post=10221"}],"version-history":[{"count":19,"href":"https:\/\/jonker-sailplanes.com\/de\/wp-json\/wp\/v2\/pages\/10221\/revisions"}],"predecessor-version":[{"id":11809,"href":"https:\/\/jonker-sailplanes.com\/de\/wp-json\/wp\/v2\/pages\/10221\/revisions\/11809"}],"wp:attachment":[{"href":"https:\/\/jonker-sailplanes.com\/de\/wp-json\/wp\/v2\/media?parent=10221"}],"curies":[{"name":"wp","href":"https:\/\/api.w.org\/{rel}","templated":true}]}}